{"id":1372,"date":"2023-09-27T03:18:58","date_gmt":"2023-09-27T03:18:58","guid":{"rendered":"https:\/\/quidem.mx\/?page_id=1372"},"modified":"2023-09-27T03:52:36","modified_gmt":"2023-09-27T03:52:36","slug":"soluciones-inmobiliarias-2","status":"publish","type":"page","link":"https:\/\/quidem.mx\/index.php\/soluciones-legales\/soluciones-inmobiliarias-2\/","title":{"rendered":"Soluciones Inmobiliarias"},"content":{"rendered":"<section class=\"wpb-content-wrapper\"><p>[vc_row][vc_column][vc_single_image image=\u00bb1366&#8243; img_size=\u00bbfull\u00bb css=\u00bb.vc_custom_1695784697940{margin-bottom: 30px !important;}\u00bb][vc_custom_heading text=\u00bbProporcionamos representaci\u00f3n en litigios relacionados con el \u00e1mbito inmobiliario. Nuestro compromiso es asegurar que cada transacci\u00f3n se realice de manera segura y conforme a la legislaci\u00f3n vigente, brindando tranquilidad y certeza a nuestros clientes en sus inversiones inmobiliarias\u00bb font_container=\u00bbtag:div|font_size:13|text_align:left|color:%23666666&#8243; use_theme_fonts=\u00bbyes\u00bb][vc_empty_space][vc_custom_heading text=\u00bbSERVICIOS\u00bb font_container=\u00bbtag:h3|font_size:20|text_align:left|color:%23333333&#8243; use_theme_fonts=\u00bbyes\u00bb el_class=\u00bbheading_left\u00bb][vc_column_text el_class=\u00bbtmlawyer_textbox_2&#8243; css=\u00bb.vc_custom_1695784732469{margin-bottom: 30px !important;}\u00bb]<\/p>\n<ul>\n<li>Asesor\u00eda y acompa\u00f1amiento en Compra de Inmuebles<\/li>\n<li>Asesor\u00eda fiscal e inmobiliaria en Venta de Inmuebles<\/li>\n<li>Promoci\u00f3n en Venta y Renta de Inmuebles<\/li>\n<li>Consultor\u00eda y valuaci\u00f3n<\/li>\n<li>Representaci\u00f3n de Propietarios<\/li>\n<li>Selecci\u00f3n de inquilinos y compradores<\/li>\n<li>Estrategias de comercializaci\u00f3n efectivas<\/li>\n<li>Administraci\u00f3n y Renta de Inmuebles<\/li>\n<li>Renegociaci\u00f3n de contratos de arrendamiento<\/li>\n<\/ul>\n<p>[\/vc_column_text][\/vc_column][\/vc_row]<\/p>\n<\/section>","protected":false},"excerpt":{"rendered":"<p>[vc_row][vc_column][vc_single_image image=\u00bb1366&#8243; img_size=\u00bbfull\u00bb css=\u00bb.vc_custom_1695784697940{margin-bottom: 30px !important;}\u00bb][vc_custom_heading text=\u00bbProporcionamos representaci\u00f3n en litigios relacionados con el \u00e1mbito inmobiliario. Nuestro compromiso es asegurar que cada transacci\u00f3n se realice de manera segura y conforme a la legislaci\u00f3n vigente, brindando tranquilidad y certeza a nuestros clientes en sus inversiones inmobiliarias\u00bb font_container=\u00bbtag:div|font_size:13|text_align:left|color:%23666666&#8243; use_theme_fonts=\u00bbyes\u00bb][vc_empty_space][vc_custom_heading text=\u00bbSERVICIOS\u00bb font_container=\u00bbtag:h3|font_size:20|text_align:left|color:%23333333&#8243; use_theme_fonts=\u00bbyes\u00bb el_class=\u00bbheading_left\u00bb][vc_column_text el_class=\u00bbtmlawyer_textbox_2&#8243; css=\u00bb.vc_custom_1695784732469{margin-bottom: 30px !important;}\u00bb] Asesor\u00eda [&hellip;]<\/p>\n","protected":false},"author":1,"featured_media":1343,"parent":65,"menu_order":0,"comment_status":"closed","ping_status":"closed","template":"","meta":{"footnotes":""},"class_list":["post-1372","page","type-page","status-publish","has-post-thumbnail","hentry"],"yoast_head":"<!-- This site is optimized with the Yoast SEO plugin v24.5 - https:\/\/yoast.com\/wordpress\/plugins\/seo\/ -->\n<title>Soluciones Inmobiliarias - QUIDEM - Abogados en Guadalajara<\/title>\n<meta name=\"robots\" content=\"index, follow, max-snippet:-1, max-image-preview:large, max-video-preview:-1\" \/>\n<link rel=\"canonical\" href=\"https:\/\/quidem.mx\/index.php\/soluciones-legales\/soluciones-inmobiliarias-2\/\" \/>\n<meta property=\"og:locale\" content=\"es_ES\" \/>\n<meta property=\"og:type\" content=\"article\" \/>\n<meta property=\"og:title\" content=\"Soluciones Inmobiliarias - QUIDEM - Abogados en Guadalajara\" \/>\n<meta property=\"og:description\" content=\"[vc_row][vc_column][vc_single_image image=\u00bb1366&#8243; img_size=\u00bbfull\u00bb css=\u00bb.vc_custom_1695784697940{margin-bottom: 30px !important;}\u00bb][vc_custom_heading text=\u00bbProporcionamos representaci\u00f3n en litigios relacionados con el \u00e1mbito inmobiliario. Nuestro compromiso es asegurar que cada transacci\u00f3n se realice de manera segura y conforme a la legislaci\u00f3n vigente, brindando tranquilidad y certeza a nuestros clientes en sus inversiones inmobiliarias\u00bb font_container=\u00bbtag:div|font_size:13|text_align:left|color:%23666666&#8243; use_theme_fonts=\u00bbyes\u00bb][vc_empty_space][vc_custom_heading text=\u00bbSERVICIOS\u00bb font_container=\u00bbtag:h3|font_size:20|text_align:left|color:%23333333&#8243; use_theme_fonts=\u00bbyes\u00bb el_class=\u00bbheading_left\u00bb][vc_column_text el_class=\u00bbtmlawyer_textbox_2&#8243; css=\u00bb.vc_custom_1695784732469{margin-bottom: 30px !important;}\u00bb] Asesor\u00eda [&hellip;]\" \/>\n<meta property=\"og:url\" content=\"https:\/\/quidem.mx\/index.php\/soluciones-legales\/soluciones-inmobiliarias-2\/\" \/>\n<meta property=\"og:site_name\" content=\"QUIDEM - Abogados en Guadalajara\" \/>\n<meta property=\"article:modified_time\" content=\"2023-09-27T03:52:36+00:00\" \/>\n<meta property=\"og:image\" content=\"https:\/\/quidem.mx\/wp-content\/uploads\/2023\/09\/quidem_webassets_inmobiliarias_480.jpg\" \/>\n\t<meta property=\"og:image:width\" content=\"480\" \/>\n\t<meta property=\"og:image:height\" content=\"320\" \/>\n\t<meta property=\"og:image:type\" content=\"image\/jpeg\" \/>\n<meta name=\"twitter:card\" content=\"summary_large_image\" \/>\n<meta name=\"twitter:label1\" content=\"Tiempo de lectura\" \/>\n\t<meta name=\"twitter:data1\" content=\"1 minuto\" \/>\n<script type=\"application\/ld+json\" class=\"yoast-schema-graph\">{\"@context\":\"https:\/\/schema.org\",\"@graph\":[{\"@type\":\"WebPage\",\"@id\":\"https:\/\/quidem.mx\/index.php\/soluciones-legales\/soluciones-inmobiliarias-2\/\",\"url\":\"https:\/\/quidem.mx\/index.php\/soluciones-legales\/soluciones-inmobiliarias-2\/\",\"name\":\"Soluciones Inmobiliarias - QUIDEM - Abogados en Guadalajara\",\"isPartOf\":{\"@id\":\"https:\/\/quidem.mx\/#website\"},\"primaryImageOfPage\":{\"@id\":\"https:\/\/quidem.mx\/index.php\/soluciones-legales\/soluciones-inmobiliarias-2\/#primaryimage\"},\"image\":{\"@id\":\"https:\/\/quidem.mx\/index.php\/soluciones-legales\/soluciones-inmobiliarias-2\/#primaryimage\"},\"thumbnailUrl\":\"https:\/\/quidem.mx\/wp-content\/uploads\/2023\/09\/quidem_webassets_inmobiliarias_480.jpg\",\"datePublished\":\"2023-09-27T03:18:58+00:00\",\"dateModified\":\"2023-09-27T03:52:36+00:00\",\"breadcrumb\":{\"@id\":\"https:\/\/quidem.mx\/index.php\/soluciones-legales\/soluciones-inmobiliarias-2\/#breadcrumb\"},\"inLanguage\":\"es\",\"potentialAction\":[{\"@type\":\"ReadAction\",\"target\":[\"https:\/\/quidem.mx\/index.php\/soluciones-legales\/soluciones-inmobiliarias-2\/\"]}]},{\"@type\":\"ImageObject\",\"inLanguage\":\"es\",\"@id\":\"https:\/\/quidem.mx\/index.php\/soluciones-legales\/soluciones-inmobiliarias-2\/#primaryimage\",\"url\":\"https:\/\/quidem.mx\/wp-content\/uploads\/2023\/09\/quidem_webassets_inmobiliarias_480.jpg\",\"contentUrl\":\"https:\/\/quidem.mx\/wp-content\/uploads\/2023\/09\/quidem_webassets_inmobiliarias_480.jpg\",\"width\":480,\"height\":320},{\"@type\":\"BreadcrumbList\",\"@id\":\"https:\/\/quidem.mx\/index.php\/soluciones-legales\/soluciones-inmobiliarias-2\/#breadcrumb\",\"itemListElement\":[{\"@type\":\"ListItem\",\"position\":1,\"name\":\"Portada\",\"item\":\"https:\/\/quidem.mx\/\"},{\"@type\":\"ListItem\",\"position\":2,\"name\":\"Soluciones Legales\",\"item\":\"https:\/\/quidem.mx\/index.php\/soluciones-legales\/\"},{\"@type\":\"ListItem\",\"position\":3,\"name\":\"Soluciones Inmobiliarias\"}]},{\"@type\":\"WebSite\",\"@id\":\"https:\/\/quidem.mx\/#website\",\"url\":\"https:\/\/quidem.mx\/\",\"name\":\"QUIDEM - Abogados en Guadalajara\",\"description\":\"Sitio oficial de QUIDEM - Soluciones Legales\",\"potentialAction\":[{\"@type\":\"SearchAction\",\"target\":{\"@type\":\"EntryPoint\",\"urlTemplate\":\"https:\/\/quidem.mx\/?s={search_term_string}\"},\"query-input\":{\"@type\":\"PropertyValueSpecification\",\"valueRequired\":true,\"valueName\":\"search_term_string\"}}],\"inLanguage\":\"es\"}]}<\/script>\n<!-- \/ Yoast SEO plugin. -->","yoast_head_json":{"title":"Soluciones Inmobiliarias - QUIDEM - Abogados en Guadalajara","robots":{"index":"index","follow":"follow","max-snippet":"max-snippet:-1","max-image-preview":"max-image-preview:large","max-video-preview":"max-video-preview:-1"},"canonical":"https:\/\/quidem.mx\/index.php\/soluciones-legales\/soluciones-inmobiliarias-2\/","og_locale":"es_ES","og_type":"article","og_title":"Soluciones Inmobiliarias - QUIDEM - Abogados en Guadalajara","og_description":"[vc_row][vc_column][vc_single_image image=\u00bb1366&#8243; img_size=\u00bbfull\u00bb css=\u00bb.vc_custom_1695784697940{margin-bottom: 30px !important;}\u00bb][vc_custom_heading text=\u00bbProporcionamos representaci\u00f3n en litigios relacionados con el \u00e1mbito inmobiliario. Nuestro compromiso es asegurar que cada transacci\u00f3n se realice de manera segura y conforme a la legislaci\u00f3n vigente, brindando tranquilidad y certeza a nuestros clientes en sus inversiones inmobiliarias\u00bb font_container=\u00bbtag:div|font_size:13|text_align:left|color:%23666666&#8243; use_theme_fonts=\u00bbyes\u00bb][vc_empty_space][vc_custom_heading text=\u00bbSERVICIOS\u00bb font_container=\u00bbtag:h3|font_size:20|text_align:left|color:%23333333&#8243; use_theme_fonts=\u00bbyes\u00bb el_class=\u00bbheading_left\u00bb][vc_column_text el_class=\u00bbtmlawyer_textbox_2&#8243; css=\u00bb.vc_custom_1695784732469{margin-bottom: 30px !important;}\u00bb] Asesor\u00eda [&hellip;]","og_url":"https:\/\/quidem.mx\/index.php\/soluciones-legales\/soluciones-inmobiliarias-2\/","og_site_name":"QUIDEM - Abogados en Guadalajara","article_modified_time":"2023-09-27T03:52:36+00:00","og_image":[{"width":480,"height":320,"url":"https:\/\/quidem.mx\/wp-content\/uploads\/2023\/09\/quidem_webassets_inmobiliarias_480.jpg","type":"image\/jpeg"}],"twitter_card":"summary_large_image","twitter_misc":{"Tiempo de lectura":"1 minuto"},"schema":{"@context":"https:\/\/schema.org","@graph":[{"@type":"WebPage","@id":"https:\/\/quidem.mx\/index.php\/soluciones-legales\/soluciones-inmobiliarias-2\/","url":"https:\/\/quidem.mx\/index.php\/soluciones-legales\/soluciones-inmobiliarias-2\/","name":"Soluciones Inmobiliarias - QUIDEM - Abogados en Guadalajara","isPartOf":{"@id":"https:\/\/quidem.mx\/#website"},"primaryImageOfPage":{"@id":"https:\/\/quidem.mx\/index.php\/soluciones-legales\/soluciones-inmobiliarias-2\/#primaryimage"},"image":{"@id":"https:\/\/quidem.mx\/index.php\/soluciones-legales\/soluciones-inmobiliarias-2\/#primaryimage"},"thumbnailUrl":"https:\/\/quidem.mx\/wp-content\/uploads\/2023\/09\/quidem_webassets_inmobiliarias_480.jpg","datePublished":"2023-09-27T03:18:58+00:00","dateModified":"2023-09-27T03:52:36+00:00","breadcrumb":{"@id":"https:\/\/quidem.mx\/index.php\/soluciones-legales\/soluciones-inmobiliarias-2\/#breadcrumb"},"inLanguage":"es","potentialAction":[{"@type":"ReadAction","target":["https:\/\/quidem.mx\/index.php\/soluciones-legales\/soluciones-inmobiliarias-2\/"]}]},{"@type":"ImageObject","inLanguage":"es","@id":"https:\/\/quidem.mx\/index.php\/soluciones-legales\/soluciones-inmobiliarias-2\/#primaryimage","url":"https:\/\/quidem.mx\/wp-content\/uploads\/2023\/09\/quidem_webassets_inmobiliarias_480.jpg","contentUrl":"https:\/\/quidem.mx\/wp-content\/uploads\/2023\/09\/quidem_webassets_inmobiliarias_480.jpg","width":480,"height":320},{"@type":"BreadcrumbList","@id":"https:\/\/quidem.mx\/index.php\/soluciones-legales\/soluciones-inmobiliarias-2\/#breadcrumb","itemListElement":[{"@type":"ListItem","position":1,"name":"Portada","item":"https:\/\/quidem.mx\/"},{"@type":"ListItem","position":2,"name":"Soluciones Legales","item":"https:\/\/quidem.mx\/index.php\/soluciones-legales\/"},{"@type":"ListItem","position":3,"name":"Soluciones Inmobiliarias"}]},{"@type":"WebSite","@id":"https:\/\/quidem.mx\/#website","url":"https:\/\/quidem.mx\/","name":"QUIDEM - Abogados en Guadalajara","description":"Sitio oficial de QUIDEM - Soluciones Legales","potentialAction":[{"@type":"SearchAction","target":{"@type":"EntryPoint","urlTemplate":"https:\/\/quidem.mx\/?s={search_term_string}"},"query-input":{"@type":"PropertyValueSpecification","valueRequired":true,"valueName":"search_term_string"}}],"inLanguage":"es"}]}},"_links":{"self":[{"href":"https:\/\/quidem.mx\/index.php\/wp-json\/wp\/v2\/pages\/1372","targetHints":{"allow":["GET"]}}],"collection":[{"href":"https:\/\/quidem.mx\/index.php\/wp-json\/wp\/v2\/pages"}],"about":[{"href":"https:\/\/quidem.mx\/index.php\/wp-json\/wp\/v2\/types\/page"}],"author":[{"embeddable":true,"href":"https:\/\/quidem.mx\/index.php\/wp-json\/wp\/v2\/users\/1"}],"replies":[{"embeddable":true,"href":"https:\/\/quidem.mx\/index.php\/wp-json\/wp\/v2\/comments?post=1372"}],"version-history":[{"count":0,"href":"https:\/\/quidem.mx\/index.php\/wp-json\/wp\/v2\/pages\/1372\/revisions"}],"up":[{"embeddable":true,"href":"https:\/\/quidem.mx\/index.php\/wp-json\/wp\/v2\/pages\/65"}],"wp:featuredmedia":[{"embeddable":true,"href":"https:\/\/quidem.mx\/index.php\/wp-json\/wp\/v2\/media\/1343"}],"wp:attachment":[{"href":"https:\/\/quidem.mx\/index.php\/wp-json\/wp\/v2\/media?parent=1372"}],"curies":[{"name":"wp","href":"https:\/\/api.w.org\/{rel}","templated":true}]}}